{"id":10003,"date":"2026-03-25T19:03:39","date_gmt":"2026-03-25T19:03:39","guid":{"rendered":"https:\/\/pedromeyer.com\/product\/las-truchas-ciudad-lazaro-cardenas\/"},"modified":"2026-03-26T18:56:33","modified_gmt":"2026-03-26T18:56:33","slug":"las-truchas-ciudad-lazaro-cardenas","status":"publish","type":"product","link":"https:\/\/pedromeyer.com\/en\/product\/las-truchas-ciudad-lazaro-cardenas\/","title":{"rendered":"Las Truchas, Ciudad L\u00e1zaro C\u00e1rdenas"},"content":{"rendered":"<div class=\"page\" title=\"Page 2\">\n<div class=\"section\">\n<div class=\"layoutArea\">\n<div class=\"column\">\n<p>In 1979, alongside the steel complex project in L\u00e1zaro C\u00e1rdenas, Michoac\u00e1n, the photographic essay \u201cGraphic Testimony of Ciudad L\u00e1zaro C\u00e1rdenas\u201d was developed, in which Pedro Meyer and other photographers captured various aspects of life in the region. With a curious and empathetic gaze, Meyer offers a visual testimony that reveals the essence of the environment, enriched with sarcastic touches that grant it a unique artistic depth. <\/p>\n<\/div>\n<\/div>\n<\/div>\n<\/div>\n","protected":false},"excerpt":{"rendered":"<p>In 1979, alongside the steel complex project in L\u00e1zaro C\u00e1rdenas, Michoac\u00e1n, the photographic essay \u201cGraphic Testimony of Ciudad L\u00e1zaro C\u00e1rdenas\u201d was developed, in which Pedro Meyer and other photographers captured various aspects of life in the region. With a curious and empathetic gaze, Meyer offers a visual testimony that reveals the essence of the environment, [&hellip;]<\/p>\n","protected":false},"featured_media":10011,"template":"","meta":[],"product_brand":[],"product_cat":[70],"product_tag":[72,79],"class_list":{"0":"post-10003","1":"product","2":"type-product","3":"status-publish","4":"has-post-thumbnail","6":"product_cat-books","7":"product_tag-all-books","8":"product_tag-pedro-meyer-miramar-collection","10":"first","11":"instock","12":"taxable","13":"shipping-taxable","14":"purchasable","15":"product-type-variable"},"_links":{"self":[{"href":"https:\/\/pedromeyer.com\/en\/wp-json\/wp\/v2\/product\/10003","targetHints":{"allow":["GET"]}}],"collection":[{"href":"https:\/\/pedromeyer.com\/en\/wp-json\/wp\/v2\/product"}],"about":[{"href":"https:\/\/pedromeyer.com\/en\/wp-json\/wp\/v2\/types\/product"}],"version-history":[{"count":1,"href":"https:\/\/pedromeyer.com\/en\/wp-json\/wp\/v2\/product\/10003\/revisions"}],"predecessor-version":[{"id":10018,"href":"https:\/\/pedromeyer.com\/en\/wp-json\/wp\/v2\/product\/10003\/revisions\/10018"}],"wp:featuredmedia":[{"embeddable":true,"href":"https:\/\/pedromeyer.com\/en\/wp-json\/wp\/v2\/media\/10011"}],"wp:attachment":[{"href":"https:\/\/pedromeyer.com\/en\/wp-json\/wp\/v2\/media?parent=10003"}],"wp:term":[{"taxonomy":"product_brand","embeddable":true,"href":"https:\/\/pedromeyer.com\/en\/wp-json\/wp\/v2\/product_brand?post=10003"},{"taxonomy":"product_cat","embeddable":true,"href":"https:\/\/pedromeyer.com\/en\/wp-json\/wp\/v2\/product_cat?post=10003"},{"taxonomy":"product_tag","embeddable":true,"href":"https:\/\/pedromeyer.com\/en\/wp-json\/wp\/v2\/product_tag?post=10003"}],"curies":[{"name":"wp","href":"https:\/\/api.w.org\/{rel}","templated":true}]}}